{"id":338,"date":"2018-06-08T14:39:28","date_gmt":"2018-06-08T12:39:28","guid":{"rendered":"https:\/\/lesmonstresdecigeo.noblogs.org\/?page_id=338"},"modified":"2018-06-11T14:38:20","modified_gmt":"2018-06-11T12:38:20","slug":"leurs-agences","status":"publish","type":"page","link":"https:\/\/lesmonstresdecigeo.noblogs.org\/en-US\/leurs-agences\/","title":{"rendered":"Their agencies"},"content":{"rendered":"<p>Ing\u00e9rop has about thirty agencies in France, and about twenty elsewhere in the world (counting those of its subsidiaries). <a href=\"#Clermont-Ferrand\">Clermont-Ferrand<\/a> Ing\u00e9rop agency is in charge of the Energy and Industry pole, and therefore deals a lot with the Cig\u00e9o project. <a href=\"#Besan\u00e7on\">Besan\u00e7on<\/a> agency is in charge of project ownership for the electrical transformer near Bure (which construction is necessary to Cig\u00e9o).<\/p>\n<p>Below, you will find a list of all agencies of Ing\u00e9rop and its subsidiaries (first the agencies in France and lower agencies elsewhere in the world). You can also consult or download only the list of <a href=\"https:\/\/lesmonstresdecigeo.noblogs.org\/files\/2018\/06\/emails_agences.txt\">email addresses<\/a> or <a href=\"https:\/\/lesmonstresdecigeo.noblogs.org\/files\/2018\/06\/numeros_agences.txt\">phone numbers<\/a> of the agencies. Don&#8217;t hesitate to call them to ask for the retractation of Ing\u00e9rop from the Cig\u00e9o project, or, why not, to get tell them directly.<\/p>\n<h2>Agencies in France<\/h2>\n<h3 id=\"Aix-en-Provence\">Aix-en-Provence<\/h3>\n<p>Domaine du petit Arbois, Pavillon La\u00ebnnec Hall B &#8211; BP 20056, 13545 Aix-en-Provence Cedex 4 <a href='https:\/\/www.openstreetmap.org\/search?query=43.4908992074452%095.33064365386963#map=17\/43.4908992074452\/5.33064365386963'>(lien OpenStreetMap)<\/a><br \/>ingerop.aix@ingerop.com<br \/>ipseau@ingerop.com<br \/>+33 4 42 50 83 00 &#8211; fixe (Aix-en-Provence, Frederique Rolland)<\/p>\n<h3 id=\"Annecy\">Annecy<\/h3>\n<p>La Croix de Barral, 18, rue du Val Vert, 74600 SEYNOD <a href='https:\/\/www.openstreetmap.org\/search?query=45.8907735903634%096.11186921596527#map=17\/45.8907735903634\/6.11186921596527'>(lien OpenStreetMap)<\/a><br \/>ingerop.annecy@ingerop.com<br \/>+33 4 50 52 75 77 &#8211; fixe (Annecy, Murielle Corroyer)<\/p>\n<h3 id=\"Arcora Lyon\">Arcora Lyon<\/h3>\n<p>Immeuble Danica, 19 avenue Georges Pompidou, 69003 LYON <a href='https:\/\/www.openstreetmap.org\/search?query=45.75929%094.86441#map=17\/45.75929\/4.86441'>(lien OpenStreetMap)<\/a><br \/>+33 4 37 23 11 47 &#8211; fixe (Arcora Lyon)<\/p>\n<h3 id=\"Arcora Paris\">Arcora Paris<\/h3>\n<p>18, rue des deux gares &#8211; CS 70081, 92563 Rueil Malmaison Cedex <a href='https:\/\/www.openstreetmap.org\/search?query=48.8880108254163%092.17180609703064#map=17\/48.8880108254163\/2.17180609703064'>(lien OpenStreetMap)<\/a><br \/>+33 1 49 04 67 00 &#8211; fixe (Arcora Paris, Sonia Moubtadi)<\/p>\n<h3 id=\"Besan\u00e7on\">Besan\u00e7on<\/h3>\n<p>47 avenue Cl\u00e9menceau, BP 1041, 25001 Besan\u00e7on <a href='https:\/\/www.openstreetmap.org\/search?query=47.2415773440353%096.01433336734772#map=17\/47.2415773440353\/6.01433336734772'>(lien OpenStreetMap)<\/a><br \/>ingerop.besancon@ingerop.com<br \/>+33 3 81 81 39 33 &#8211; fixe (Besan\u00e7on, Valerie Laurent)<\/p>\n<h3 id=\"Biarritz\">Biarritz<\/h3>\n<p>Village Biarritz Iraty, B\u00e2t. Les Aldades 26-30, 4, rue des M\u00e9sanges, 64200 BIARRITZ <a href='https:\/\/www.openstreetmap.org\/search?query=43.462505763136%09-1.53930902481079#map=17\/43.462505763136\/-1.53930902481079'>(lien OpenStreetMap)<\/a><br \/>ingerop.cotebasque@ingerop.com<br \/>+33 5 59 58 23 23 &#8211; fixe (Biarritz, Christine Dumont)<\/p>\n<h3 id=\"Bordeaux\">Bordeaux<\/h3>\n<p>5, impasse des M\u00fbriers, CS 80012, 33692 MERIGNAC Cedex <a href='https:\/\/www.openstreetmap.org\/search?query=44.8167404729383%09-0.681967735290527#map=17\/44.8167404729383\/-0.681967735290527'>(lien OpenStreetMap)<\/a><br \/>ingerop.bordeaux@ingerop.com<\/p>\n<h3 id=\"Bruy\u00e8res-le-Chatel\">Bruy\u00e8res-le-Chatel<\/h3>\n<p>Chemin du Ru, 91680 Bruy\u00e8res-le-Ch\u00e2tel, France <a href='https:\/\/www.openstreetmap.org\/search?query=48.595414%092.202534#map=17\/48.595414\/2.202534'>(lien OpenStreetMap)<\/a><\/p>\n<h3 id=\"Cicad Montreuil\">Cicad Montreuil<\/h3>\n<p>88, rue Robespierre, 93100 Montreuil <a href='https:\/\/www.openstreetmap.org\/search?query=48.85013%092.42501#map=17\/48.85013\/2.42501'>(lien OpenStreetMap)<\/a><br \/>contact@cicad.fr<br \/>+33 1 55 86 15 15 &#8211; fixe (Cicad, Cicad Montreuil)<\/p>\n<h3 id=\"Clermont-Ferrand\">Clermont-Ferrand<\/h3>\n<p>Z.I. de Ladoux &#8211; 11 rue Verte, BP 30200 &#8211; 63118 CEBAZAT <a href='https:\/\/www.openstreetmap.org\/search?query=45.8387338403126%093.11823964118958#map=17\/45.8387338403126\/3.11823964118958'>(lien OpenStreetMap)<\/a><br \/>ingerop.clermont@ingerop.com<br \/>+33 4 73 16 34 34 &#8211; fixe (Clermont-Ferrand, Marie-Florine Jarles)<\/p>\n<h3 id=\"ETR Ing\u00e9nierie Lille\">ETR Ing\u00e9nierie Lille<\/h3>\n<p>Centre Arteparc &#8211; 6 rue des Peupliers, CS 50410 \u2013 59814 Lesquin Cedex <a href='https:\/\/www.openstreetmap.org\/search?query=50.5955381026581%093.13084602355957#map=17\/50.5955381026581\/3.13084602355957'>(lien OpenStreetMap)<\/a><br \/>contact@etringenierie.fr<br \/>+33 3 28 55 28 40 &#8211; fixe (ETR Ing\u00e9nierie, ETR Ing\u00e9nierie Lille, Vincent Pouilly)<br \/>+33 3 28 55 28 41 &#8211; fax (ETR Ing\u00e9nierie, ETR Ing\u00e9nierie Lille)<\/p>\n<h3 id=\"Geos Archamps\">Geos Archamps<\/h3>\n<p>310 avenue Marie Curie, B\u00e2timent Europa 2, Archamps Technopole, 74160 ARCHAMPS <a href='https:\/\/www.openstreetmap.org\/search?query=46.1386%096.1203#map=17\/46.1386\/6.1203'>(lien OpenStreetMap)<\/a><br \/>info@geos.fr<br \/>+33 4 50 95 38 14 &#8211; fixe (Geos Archamps, Eric Vermoote)<\/p>\n<h3 id=\"Geos Ile-de-France\">Geos Ile-de-France<\/h3>\n<p>18 rue des deux Gares, 92500 RUEIL-MALMAISON <a href='https:\/\/www.openstreetmap.org\/search?query=48.8880108254163%092.17180609703064#map=17\/48.8880108254163\/2.17180609703064'>(lien OpenStreetMap)<\/a><br \/>geos.idf@geos.fr<br \/>+33 1 49 04 68 10 &#8211; fixe (Geos Ile-de-France, Celine Ngoctrung)<\/p>\n<h3 id=\"Grenoble\">Grenoble<\/h3>\n<p>B\u00e2timent Massangis, 17, chemin de la Dhuy &#8211; BP 167, 38244 MEYLAN <a href='https:\/\/www.openstreetmap.org\/search?query=45.2154976996931%095.79895734786987#map=17\/45.2154976996931\/5.79895734786987'>(lien OpenStreetMap)<\/a><br \/>ingerop.grenoble@ingerop.com<br \/>+33 4 76 41 18 90 &#8211; fixe (Grenoble, Chantal Bouvier)<\/p>\n<h3 id=\"Lille\">Lille<\/h3>\n<p>Agence de Lille, 6, rue des Peupliers, CS 50410, 59814 LESQUIN CEDEX <a href='https:\/\/www.openstreetmap.org\/search?query=50.5955381026581%093.13084602355957#map=17\/50.5955381026581\/3.13084602355957'>(lien OpenStreetMap)<\/a><br \/>ingerop.lille@ingerop.com<br \/>+33 3 20 59 15 50 &#8211; fixe (Lille, Marie-Georges Desmarets)<\/p>\n<h3 id=\"Lyon\">Lyon<\/h3>\n<p>21, avenue Georges Pompidou, &#8220;Immeuble le Danica&#8221;, 69003 LYON <a href='https:\/\/www.openstreetmap.org\/search?query=45.7594544879142%094.86471712589264#map=17\/45.7594544879142\/4.86471712589264'>(lien OpenStreetMap)<\/a><br \/>ingerop.lyon@ingerop.com<br \/>+33 4 37 23 11 40 &#8211; fixe (Lyon, Naima Nebhi)<\/p>\n<h3 id=\"Marcoule\">Marcoule<\/h3>\n<p>280, rue Paul Sabatier, ZA PORT L\u2019ARDOISE, 30290 LAUDUN L\u2019ARDOISE <a href='https:\/\/www.openstreetmap.org\/search?query=44.1033730821318%094.69833970069885#map=17\/44.1033730821318\/4.69833970069885'>(lien OpenStreetMap)<\/a><br \/>ingerop.marcoule@ingerop.com<br \/>+33 4 66 33 78 48 &#8211; fixe (Marcoule, Emmanuelle Lafargue)<\/p>\n<h3 id=\"Marseille\">Marseille<\/h3>\n<p>Ilot Allar, 7 rue du Devoir, B\u00e2t C, 4\u00e8me \u00e9tage, CS 80506, 13344 Marseille Cedex 15 <a href='https:\/\/www.openstreetmap.org\/search?query=43.3222312510576%095.36528706550598#map=17\/43.3222312510576\/5.36528706550598'>(lien OpenStreetMap)<\/a><br \/>ingerop.marseille@ingerop.com<br \/>+33 4 91 72 04 00 &#8211; fixe (Marseille, Cecile Pottier)<\/p>\n<h3 id=\"Metz\">Metz<\/h3>\n<p>Europlaza B\u00e2t A, 1 rue Claude Chappe \u2013 BP 15170, 57075 Metz <a href='https:\/\/www.openstreetmap.org\/search?query=49.1064700449536%096.22253715991974#map=17\/49.1064700449536\/6.22253715991974'>(lien OpenStreetMap)<\/a><br \/>ingerop.metz@ingerop.com<br \/>+33 3 87 76 53 20 &#8211; fixe (Metz, Virginie Wagner)<br \/>+33 3 87 76 53 80 &#8211; fixe (Metz)<\/p>\n<h3 id=\"Montpellier\">Montpellier<\/h3>\n<p>Espace Concorde Parc d\u2019Activit\u00e9s de l\u2019a\u00e9roport, 120, impasse Jean-Baptiste Say, 34470 Perols <a href='https:\/\/www.openstreetmap.org\/search?query=43.5810747923807%093.93869519233704#map=17\/43.5810747923807\/3.93869519233704'>(lien OpenStreetMap)<\/a><br \/>ingerop.montpellier@ingerop.com<br \/>+33 4 67 27 39 62 &#8211; fixe (Montpellier)<\/p>\n<h3 id=\"Nancy\">Nancy<\/h3>\n<p>3 Rue de Turique 54000 Nancy <a href='https:\/\/www.openstreetmap.org\/search?query=48.6919873170374%096.16787910461426#map=17\/48.6919873170374\/6.16787910461426'>(lien OpenStreetMap)<\/a><\/p>\n<h3 id=\"Nantes\">Nantes<\/h3>\n<p>1A avenue des Lions, Immeuble Les 3 Lions, CS 50384, 44819 SAINT-HERBLAIN Cedex <a href='https:\/\/www.openstreetmap.org\/search?query=47.249880339298%09-1.61847174167633#map=17\/47.249880339298\/-1.61847174167633'>(lien OpenStreetMap)<\/a><br \/>ingerop.nantes@ingerop.com<br \/>+33 2 40 94 96 00 &#8211; fixe (Nantes, Annie Corbineau)<\/p>\n<h3 id=\"Nice\">Nice<\/h3>\n<p>Marina Airport, B\u00e2t C &#8211; 866 RD 6007 &#8211; BP 113, 06271 Villeneuve Loubet Cedex <a href='https:\/\/www.openstreetmap.org\/search?query=43.6394061890569%097.13639259338379#map=17\/43.6394061890569\/7.13639259338379'>(lien OpenStreetMap)<\/a><br \/>ingerop.nice@ingerop.com<\/p>\n<h3 id=\"NucAdvisor Courbevoie\">NucAdvisor Courbevoie<\/h3>\n<p>168\/172, boulevard de Verdun, 92408 COURBEVOIE CEDEX &#8211; France <a href='https:\/\/www.openstreetmap.org\/search?query=48.905471%092.258781#map=17\/48.905471\/2.258781'>(lien OpenStreetMap)<\/a><br \/>contact@nucadvisor.com<br \/>+33 1 40 88 41 40 &#8211; fixe (NucAdvisor, NucAdvisor Courbevoie)<br \/>+33 1 40 88 41 50 &#8211; fax (NucAdvisor, NucAdvisor Courbevoie)<\/p>\n<h3 id=\"Pertuis\">Pertuis<\/h3>\n<p>293 rue Alain Bajac, 84120 PERTUIS <a href='https:\/\/www.openstreetmap.org\/search?query=43.6746075641747%095.49947261810303#map=17\/43.6746075641747\/5.49947261810303'>(lien OpenStreetMap)<\/a><br \/>+33 9 67 27 33 12 &#8211; fixe (Pertuis)<\/p>\n<h3 id=\"Rennes\">Rennes<\/h3>\n<p>ZAC Saint Sulpice, Immeuble Osiris &#8211; B\u00e2timent i, 12, rue du P\u00e2tis Tatelin, CS 50891, 35708 RENNES Cedex 7 <a href='https:\/\/www.openstreetmap.org\/search?query=48.1327032528582%09-1.63899064064026#map=17\/48.1327032528582\/-1.63899064064026'>(lien OpenStreetMap)<\/a><br \/>ingerop.ouest@ingerop.com<br \/>+33 2 99 83 03 10 &#8211; fixe (Rennes, Claudine Fouche)<\/p>\n<h3 id=\"Rueil-Malmaison\">Rueil-Malmaison<\/h3>\n<p>18, rue des Deux Gares 92500 Rueil-Malmaison, France <a href='https:\/\/www.openstreetmap.org\/search?query=48.8880108254163%092.17180609703064#map=17\/48.8880108254163\/2.17180609703064'>(lien OpenStreetMap)<\/a><br \/>ingerop@ingerop.com<br \/>rueil@ingerop.com<br \/>rie.rueil@ingerop.com<br \/>+33 1 49 04 55 00 &#8211; fixe (Ingerop, Rueil-Malmaison)<br \/>+33 1 49 04 57 01 &#8211; fax (Ingerop, Rueil-Malmaison)<\/p>\n<h3 id=\"Sainte Clotilde\">Sainte Clotilde<\/h3>\n<p>Re\u0301sidence Indira, 19 rue des Ecoliers, 97490 Sainte Clotilde (La R\u00e9union) <a href='https:\/\/www.openstreetmap.org\/search?query=-20.898130%0955.492707#map=17\/-20.898130\/55.492707'>(lien OpenStreetMap)<\/a><br \/>+33 2 62 73 13 13 &#8211; fixe (Sainte Clotilde)<\/p>\n<h3 id=\"Strasbourg\">Strasbourg<\/h3>\n<p>1 rue du Parc, BP 21011, 67031 Oberhausbergen Cedex <a href='https:\/\/www.openstreetmap.org\/search?query=48.602843075287%097.6811546087265#map=17\/48.602843075287\/7.6811546087265'>(lien OpenStreetMap)<\/a><br \/>ingerop.strasbourg@ingerop.com<\/p>\n<h3 id=\"Toulouse\">Toulouse<\/h3>\n<p>Parc d\u2019activit\u00e9s de la Grande Plaine, 24, avenue Marcel Dassault, BP 15201, 31079 TOULOUSE Cedex 5 <a href='https:\/\/www.openstreetmap.org\/search?query=43.581319608769%091.49498820304871#map=17\/43.581319608769\/1.49498820304871'>(lien OpenStreetMap)<\/a><br \/>ingerop.toulouse@ingerop.com<br \/>+33 5 62 47 59 59 &#8211; fixe (Toulouse)<\/p>\n<h3 id=\"Valenciennes\">Valenciennes<\/h3>\n<p>30 rue des Fr\u00e8res Danna, Site de Forgeval \u2013 BP 10275, 59306 Valenciennes Cedex <a href='https:\/\/www.openstreetmap.org\/search?query=50.3684357416095%093.52946519851685#map=17\/50.3684357416095\/3.52946519851685'>(lien OpenStreetMap)<\/a><br \/>ingerop.valenciennes@ingerop.com<br \/>+33 3 27 51 56 00 &#8211; fixe (Valenciennes)<\/p>\n<h3 id=\"Vienne\">Vienne<\/h3>\n<p>B\u00e2timent ARETHA &#8211; Jazz Parc, Espace Saint Germain, 30, avenue du G\u00e9n\u00e9ral Leclerc, 38217 VIENNE <a href='https:\/\/www.openstreetmap.org\/search?query=45.5139932991288%094.86672878265381#map=17\/45.5139932991288\/4.86672878265381'>(lien OpenStreetMap)<\/a><br \/>ingerop.vienne@ingerop.com<br \/>+33 4 74 53 22 58 &#8211; fixe (Vienne)<\/p>\n<h1>Agencies elsewhere in the world<\/h1>\n<h3 id=\"Alg\u00e9rie\">Alg\u00e9rie<\/h3>\n<p>Nouvelle Zone Urbaine, Lotissement C1 N\u00b012, \u00e2in n\u00e2adja, ALGER, ALG\u00c9RIE <a href='https:\/\/www.openstreetmap.org\/search?query=36.705163%093.082556#map=17\/36.705163\/3.082556'>(lien OpenStreetMap)<\/a><br \/>ingerop.algerie@ingerop.com<br \/>+213 21 60 77 63 &#8211; fixe (Alg\u00e9rie)<\/p>\n<h3 id=\"Barcelona\">Barcelona<\/h3>\n<p>C\/Mallorca, 214, 2\u00b0, 3\u00b0, 08008 BARCELONA, SPAIN <a href='https:\/\/www.openstreetmap.org\/search?query=41.390891%092.159049#map=17\/41.390891\/2.159049'>(lien OpenStreetMap)<\/a><br \/>ingerop.bcn@ingerop.es<br \/>+34 93 323 86 05 &#8211; fixe (Barcelona)<br \/>+34 93 451 72 10 &#8211; fax (Barcelona)<\/p>\n<h3 id=\"Bulgarie\">Bulgarie<\/h3>\n<p>INGEROP BG EOOD, Kniaz Boris I, 38 street, floor 2, 1000 SOFIA, BULGARIE <a href='https:\/\/www.openstreetmap.org\/search?query=42.704195%0923.321101#map=17\/42.704195\/23.321101'>(lien OpenStreetMap)<\/a><br \/>+33 6 19 58 10 96 &#8211; mobile (Bulgarie)<\/p>\n<h3 id=\"Cape Town\">Cape Town<\/h3>\n<p>Office Suite 209, Tyger Lake Building, 2 Niagara Way, Tyger Falls, Bellville, Cape Town, P.O. Box 3970, Tyger Valley, 7536 <a href='https:\/\/www.openstreetmap.org\/search?query=-33.874137%0918.629812#map=17\/-33.874137\/18.629812'>(lien OpenStreetMap)<\/a><br \/>ctn@ingerop.co.za<br \/>+21 9142 833 &#8211; fixe (Cape Town)<br \/>+21 9140 916 &#8211; fax (Cape Town)<\/p>\n<h3 id=\"Colombia\">Colombia<\/h3>\n<p>Ati Ayacucho, Calle 53 #45 Edificio Palomar, Oficina 1003, Centro-Oriental, MEDELL\u00cdN &#8211; ANTIOQUIA \u2013 COLOMBIA <a href='https:\/\/www.openstreetmap.org\/search?query=6.249834%09-75.563155#map=17\/6.249834\/-75.563155'>(lien OpenStreetMap)<\/a><br \/>colombia@ingerop.es<\/p>\n<h3 id=\"Durban\">Durban<\/h3>\n<p>2nd Floor, 53 Richefond Circle, Ridgeside Office Park, Umhlanga Rocks, 4319, Kwa-Zulu Natal, South Africa , P.O. Box 748, Westville 3630  <a href='https:\/\/www.openstreetmap.org\/search?query=-29.735898%0931.069786#map=17\/-29.735898\/31.069786'>(lien OpenStreetMap)<\/a><br \/>dbn@ingerop.co.za<br \/>+31 2668 363 &#8211; fixe (Durban)<br \/>+31 2668 367 &#8211; fax (Durban)<\/p>\n<h3 id=\"Geos Gen\u00e8ve\">Geos Gen\u00e8ve<\/h3>\n<p>1, route de l\u2019A\u00e9roport, CP 331, CH-1215 Gen\u00e8ve 15, SWITZERLAND <a href='https:\/\/www.openstreetmap.org\/search?query=46.2272%096.101011#map=17\/46.2272\/6.101011'>(lien OpenStreetMap)<\/a><br \/>geos@geos.ch<br \/>+41 22 309 30 60 &#8211; fixe (Geos Gen\u00e8ve)<br \/>+41 22 309 30 70 &#8211; fax (Geos Gen\u00e8ve)<\/p>\n<h3 id=\"Geos Lausanne\">Geos Lausanne<\/h3>\n<p>Avenue Dapples 54, CH-1006 Lausanne, SWITZERLAND <a href='https:\/\/www.openstreetmap.org\/search?query=46.515494,%096.624693#map=17\/46.515494,\/6.624693'>(lien OpenStreetMap)<\/a><br \/>lausanne@geos.ch<br \/>+41 21 613 44 88 &#8211; fixe (Geos Lausanne)<\/p>\n<h3 id=\"Ghisolfo\">Ghisolfo<\/h3>\n<p>Edificio del Comercio, Monjitas 392 of 901, SANTIAGO, CHILE <a href='https:\/\/www.openstreetmap.org\/search?query=-33.436665%09-70.643244#map=17\/-33.436665\/-70.643244'>(lien OpenStreetMap)<\/a><br \/>ghisolfo@ingerop.com<br \/>+56 2 664 17 78 &#8211; fixe (Ghisolfo)<br \/>+56 2 664 47 43 &#8211; fax (Ghisolfo)<\/p>\n<h3 id=\"Granada\">Granada<\/h3>\n<p>C\/Gran v\u00eda de Col\u00f3n n\u00ba 21 4\u00baC, Edificio Olimpia, 18001 GRANADA, SPAIN <a href='https:\/\/www.openstreetmap.org\/search?query=37.178037%09-3.599042#map=17\/37.178037\/-3.599042'>(lien OpenStreetMap)<\/a><br \/>ingerop.gra@ingerop.es<br \/>+34 95 828 62 26 &#8211; fixe (Granada)<br \/>+34 95 820 33 32 &#8211; fax (Granada)<\/p>\n<h3 id=\"Ingerosec Hanoi\">Ingerosec Hanoi<\/h3>\n<p>University of Civil Engineering, No.55 Giai Phong Road, Dong Tam Ward, Hai Ba, Trung District, Hanoi City, Vietnam <a href='https:\/\/www.openstreetmap.org\/search?query=21.003417%09105.843337#map=17\/21.003417\/105.843337'>(lien OpenStreetMap)<\/a><br \/>+84 4 36288886 &#8211; fixe (Ingerosec Hanoi)<br \/>+84 4 36288885 &#8211; fax (Ingerosec Hanoi)<\/p>\n<h3 id=\"Ingerosec Japon\">Ingerosec Japon<\/h3>\n<p>Shinjuku i-LAND Tower 43F, 6-5-1, Nishi-Shinjuku, Shinjuku-Ku,, TOKYO, JAPAN 163-1343 <a href='https:\/\/www.openstreetmap.org\/search?query=35.693192%09139.693084#map=17\/35.693192\/139.693084'>(lien OpenStreetMap)<\/a><br \/>ingerosec@ingerosec.com<br \/>+81 3 53 24 02 11 &#8211; fixe (Ingerosec Japon)<br \/>+81 3 53 24 02 15 &#8211; fax (Ingerosec Japon)<\/p>\n<h3 id=\"Ingerosec Kyushu\">Ingerosec Kyushu<\/h3>\n<p>4-3-2, Sumiyoshi, Hakata-ku, Fukuoka, Fukuoka 812-0018, Japan <a href='https:\/\/www.openstreetmap.org\/search?query=33.584656%09130.416051#map=17\/33.584656\/130.416051'>(lien OpenStreetMap)<\/a><br \/>+81 9 24 74 79 71 &#8211; fixe (Ingerosec Kyushu)<br \/>+81 9 24 73 59 65 &#8211; fax (Ingerosec Kyushu)<\/p>\n<h3 id=\"Intec\">Intec<\/h3>\n<p>N\u00b0 5, impasse n\u00b0 1, avenue Abdelaziz Thaalbi, 1013 Menzah 9 &#8211; TUNIS, TUNISIA <a href='https:\/\/www.openstreetmap.org\/search?query=36.845682%0910.147707#map=17\/36.845682\/10.147707'>(lien OpenStreetMap)<\/a><br \/>intec@intec.com.tn<br \/>+216 71 875 249 &#8211; fixe (Intec)<br \/>+216 71 875 248 &#8211; fax (Intec)<\/p>\n<h3 id=\"Johannesburg\">Johannesburg<\/h3>\n<p>2nd Floor, 138 West St,, Sandown, Sandton, 2031 <a href='https:\/\/www.openstreetmap.org\/search?query=-26.106494%0928.05699#map=17\/-26.106494\/28.05699'>(lien OpenStreetMap)<\/a><br \/>jhb@ingerop.co.za<br \/>+11 8083 000 &#8211; fixe (Ingerop South Africa, Johannesburg)<br \/>+11 8083 001 &#8211; fax (Johannesburg)<\/p>\n<h3 id=\"Madrid\">Madrid<\/h3>\n<p>C\/Princesa, 24, 6\u00b0Dcha, 28008 MADRID, SPAIN <a href='https:\/\/www.openstreetmap.org\/search?query=40.427457%09-3.713618#map=17\/40.427457\/-3.713618'>(lien OpenStreetMap)<\/a><br \/>ingerop.mad@ingerop.es<br \/>+34 91 758 48 99 &#8211; fixe (Madrid)<br \/>+34 91 541 06 14 &#8211; fax (Madrid)<\/p>\n<h3 id=\"Mauritius\">Mauritius<\/h3>\n<p>St Louis Business Center, Cnr Desroches And St Louis Streets, P.O.Box 1130 Port Louis &#8211; Mauritius <a href='https:\/\/www.openstreetmap.org\/search?query=-20.156535%0957.506218#map=17\/-20.156535\/57.506218'>(lien OpenStreetMap)<\/a><br \/>ingerop.mau@ingerop.co.za<br \/>+230 2087 575 &#8211; fixe (Mauritius)<br \/>+230 2031 100 &#8211; fax (Mauritius)<\/p>\n<h3 id=\"Mont\u00e9n\u00e9gro\">Mont\u00e9n\u00e9gro<\/h3>\n<p>Njegoseva BR.6, 81000 PODGORICA &#8211; MONTENEGRO <a href='https:\/\/www.openstreetmap.org\/search?query=42.442262%0919.262124#map=17\/42.442262\/19.262124'>(lien OpenStreetMap)<\/a><\/p>\n<h3 id=\"Mozambique\">Mozambique<\/h3>\n<p>RUA DA ARGELIA N\u00ba 263, Maputo, Mozambique <a href='https:\/\/www.openstreetmap.org\/search?query=-25.977052%0932.588524#map=17\/-25.977052\/32.588524'>(lien OpenStreetMap)<\/a><br \/>mpm@ingerop.co.za<br \/>+258 21498823 &#8211; fixe (Mozambique)<br \/>+258 21498824 &#8211; fax (Mozambique)<\/p>\n<h3 id=\"Pologne\">Pologne<\/h3>\n<p>Biuro Rachunkowe ABG, uL Skierniewicka 14\/2, 02-117 WARSZAWA, POLOGNE <a href='https:\/\/www.openstreetmap.org\/search?query=52.230292%0920.969479#map=17\/52.230292\/20.969479'>(lien OpenStreetMap)<\/a><br \/>biuro@abg.waw.pl<br \/>+33 1 49 04 55 61 &#8211; fixe (Pologne, Isabelle Afonso)<\/p>\n<h3 id=\"Polokwane\">Polokwane<\/h3>\n<p>No 8, Amy Park, 128 Marshall Street, Polokwane, Limpopo, P.O.Box 3397 Polokwane 0700 <a href='https:\/\/www.openstreetmap.org\/search?query=-23.917209%0929.457086#map=17\/-23.917209\/29.457086'>(lien OpenStreetMap)<\/a><br \/>plk@ingerop.co.za<br \/>+15 2955 810 &#8211; fixe (Polokwane)<br \/>+15 2955 813 &#8211; fax (Polokwane)<\/p>\n<h3 id=\"P\u00e9rou\">P\u00e9rou<\/h3>\n<p>C\/ Dos de Mayo 534, oficina 306, Miraflores, Lima &#8211; Per\u00fa <a href='https:\/\/www.openstreetmap.org\/search?query=-12.117722%09-77.033889#map=17\/-12.117722\/-77.033889'>(lien OpenStreetMap)<\/a><br \/>+57 4 231 92 97 &#8211; fixe (P\u00e9rou)<\/p>\n<h3 id=\"Rendel Londres\">Rendel Londres<\/h3>\n<p>Rendel Limited, 200 Great Dover Street, London, SE1 4YB, United Kingdom <a href='https:\/\/www.openstreetmap.org\/search?query=51.500703%09-0.092295#map=17\/51.500703\/-0.092295'>(lien OpenStreetMap)<\/a><br \/>london@rendel-ltd.com<br \/>+44 20 7654 0500 &#8211; fixe (Rendel, Rendel Londres)<br \/>+44 20 7654 0401 &#8211; fax (Rendel, Rendel Londres)<\/p>\n<h3 id=\"Saudi Arabia\">Saudi Arabia<\/h3>\n<p>PO Box 31801, Riyadh 11418, Saudi Arabia <a href='https:\/\/www.openstreetmap.org\/search?query=24.717707%0946.648121#map=17\/24.717707\/46.648121'>(lien OpenStreetMap)<\/a><br \/>saudi.arabia@ingerop.com<br \/>+966 11 461 52 47 &#8211; fixe (Saudi Arabia)<\/p>\n<h3 id=\"S\u00e9n\u00e9gal\">S\u00e9n\u00e9gal<\/h3>\n<p>SICAP Sacr\u00e9 C\u0153ur, Cit\u00e9 Keur Gorgui, Immeuble Herm\u00e8s 4 &#8211; Lot N\u00b0 95, BP 4153 DAKAR, SENEGAL <a href='https:\/\/www.openstreetmap.org\/search?query=14.721069%09-17.466034#map=17\/14.721069\/-17.466034'>(lien OpenStreetMap)<\/a><br \/>ingerop.senegal@orange.sn<br \/>+221 33 824 92 58 &#8211; fixe (S\u00e9n\u00e9gal)<br \/>+221 33 825 88 64 &#8211; fax (S\u00e9n\u00e9gal)<\/p>\n","protected":false},"excerpt":{"rendered":"<p>Ing\u00e9rop has about thirty agencies in France, and about twenty elsewhere in the world (counting those of its subsidiaries). Clermont-Ferrand Ing\u00e9rop agency is in charge of the Energy and Industry pole, and therefore deals a lot with the Cig\u00e9o project. &hellip; <a href=\"https:\/\/lesmonstresdecigeo.noblogs.org\/en-US\/leurs-agences\/\">Continue reading <span class=\"meta-nav\">&rarr;<\/span><\/a><\/p>\n","protected":false},"author":12815,"featured_media":0,"parent":0,"menu_order":0,"comment_status":"closed","ping_status":"closed","template":"","meta":{"_locale":"en_US","_original_post":"137","footnotes":""},"class_list":["post-338","page","type-page","status-publish","hentry","en-US"],"_links":{"self":[{"href":"https:\/\/lesmonstresdecigeo.noblogs.org\/wp-json\/wp\/v2\/pages\/338","targetHints":{"allow":["GET"]}}],"collection":[{"href":"https:\/\/lesmonstresdecigeo.noblogs.org\/wp-json\/wp\/v2\/pages"}],"about":[{"href":"https:\/\/lesmonstresdecigeo.noblogs.org\/wp-json\/wp\/v2\/types\/page"}],"author":[{"embeddable":true,"href":"https:\/\/lesmonstresdecigeo.noblogs.org\/wp-json\/wp\/v2\/users\/12815"}],"replies":[{"embeddable":true,"href":"https:\/\/lesmonstresdecigeo.noblogs.org\/wp-json\/wp\/v2\/comments?post=338"}],"version-history":[{"count":4,"href":"https:\/\/lesmonstresdecigeo.noblogs.org\/wp-json\/wp\/v2\/pages\/338\/revisions"}],"predecessor-version":[{"id":483,"href":"https:\/\/lesmonstresdecigeo.noblogs.org\/wp-json\/wp\/v2\/pages\/338\/revisions\/483"}],"wp:attachment":[{"href":"https:\/\/lesmonstresdecigeo.noblogs.org\/wp-json\/wp\/v2\/media?parent=338"}],"curies":[{"name":"wp","href":"https:\/\/api.w.org\/{rel}","templated":true}]}}