{"id":410,"date":"2018-06-10T21:35:35","date_gmt":"2018-06-10T19:35:35","guid":{"rendered":"https:\/\/lesmonstresdecigeo.noblogs.org\/?page_id=410"},"modified":"2018-06-10T21:35:35","modified_gmt":"2018-06-10T19:35:35","slug":"prochains-evenements-publics","status":"publish","type":"page","link":"https:\/\/lesmonstresdecigeo.noblogs.org\/en-US\/prochains-evenements-publics\/","title":{"rendered":"Next public events"},"content":{"rendered":"<h3>From <strong>12 to 14 june <\/strong>2018 in Paris : Transports Publics 2018 (The european mobility exhibition)<\/h3>\n<p>It happens in Paris-Expo, porte de Versailles. Ingerop invites for a cocktail on wednesday 13 june on stand I29. Plus d&#8217;infos <a href=\"http:\/\/www.ingerop.fr\/fr\/actualite\/transports-publics-2018-salon-europeen-de-la-mobilite\">sur le site d\u2019Ingerop<\/a>.<\/p>\n<h3>From <strong>13 to 15 june<\/strong> 2018 in Paris : Journ\u00e9es Nationales de G\u00e9otechnique et de G\u00e9ologie de l\u2019Ing\u00e9nieur (National days of geotechnics and engineering geology)<\/h3>\n<p>It happens in Paris and Geos, an Ing\u00e9rop subsidiary, participates. More infos on <a href=\"https:\/\/jngg2018.sciencesconf.org\/\">the event website<\/a>.<\/p>\n<p>The event will last for three days and host two different things\u00a0:<\/p>\n<ul>\n<li>From the 13 to the 15, conferences and animations which require an entry ticket (160\u20ac for students), but Geos shouldn\u2019t participate to this.<\/li>\n<li>On the 13 and 14, in the \u201c\u00c9cole nationale des Ponts et Chauss\u00e9es\u201d, an exposition in which Geos participates, which should be free if we fill in the free invitation ticket. More info on <a href=\"https:\/\/jngg2018.sciencesconf.org\/page\/exposition\">the exposition page<\/a>.<\/li>\n<\/ul>\n<h3>On <strong>28 june<\/strong> 2018 in Paris : World of Facades<\/h3>\n<p>Arcora, an Ingerop company, will participate : Antoine Maufay, an Arcora employee, will speak about \u201cShaping the architectural ambition\u201d from 10:45 to 11:10.<\/p>\n<p>The event doesn\u2019t seem public though. More info on <a href=\"http:\/\/zakworldoffacades.com\/event\/zwof-2018-france-paris\/\">the event website<\/a>.<\/p>\n","protected":false},"excerpt":{"rendered":"<p>From 12 to 14 june 2018 in Paris : Transports Publics 2018 (The european mobility exhibition) It happens in Paris-Expo, porte de Versailles. Ingerop invites for a cocktail on wednesday 13 june on stand I29. Plus d&#8217;infos sur le site &hellip; <a href=\"https:\/\/lesmonstresdecigeo.noblogs.org\/en-US\/prochains-evenements-publics\/\">Continue reading <span class=\"meta-nav\">&rarr;<\/span><\/a><\/p>\n","protected":false},"author":12815,"featured_media":0,"parent":0,"menu_order":0,"comment_status":"closed","ping_status":"closed","template":"","meta":{"_locale":"en_US","_original_post":"399","footnotes":""},"class_list":["post-410","page","type-page","status-publish","hentry","en-US"],"_links":{"self":[{"href":"https:\/\/lesmonstresdecigeo.noblogs.org\/wp-json\/wp\/v2\/pages\/410","targetHints":{"allow":["GET"]}}],"collection":[{"href":"https:\/\/lesmonstresdecigeo.noblogs.org\/wp-json\/wp\/v2\/pages"}],"about":[{"href":"https:\/\/lesmonstresdecigeo.noblogs.org\/wp-json\/wp\/v2\/types\/page"}],"author":[{"embeddable":true,"href":"https:\/\/lesmonstresdecigeo.noblogs.org\/wp-json\/wp\/v2\/users\/12815"}],"replies":[{"embeddable":true,"href":"https:\/\/lesmonstresdecigeo.noblogs.org\/wp-json\/wp\/v2\/comments?post=410"}],"version-history":[{"count":1,"href":"https:\/\/lesmonstresdecigeo.noblogs.org\/wp-json\/wp\/v2\/pages\/410\/revisions"}],"predecessor-version":[{"id":411,"href":"https:\/\/lesmonstresdecigeo.noblogs.org\/wp-json\/wp\/v2\/pages\/410\/revisions\/411"}],"wp:attachment":[{"href":"https:\/\/lesmonstresdecigeo.noblogs.org\/wp-json\/wp\/v2\/media?parent=410"}],"curies":[{"name":"wp","href":"https:\/\/api.w.org\/{rel}","templated":true}]}}